{"id":8161,"date":"2026-04-18T12:51:06","date_gmt":"2026-04-18T16:51:06","guid":{"rendered":"https:\/\/frutidetails.com\/?post_type=product&#038;p=8161"},"modified":"2026-04-18T13:10:46","modified_gmt":"2026-04-18T17:10:46","slug":"25-roses-bouqet-for-mom","status":"publish","type":"product","link":"https:\/\/frutidetails.com\/es\/25-roses-bouqet-for-mom\/","title":{"rendered":"25 Roses Bouquet for Mom"},"content":{"rendered":"<h2 data-section-id=\"1ys36sj\" data-start=\"169\" data-end=\"200\">Mother\u2019s Day Flower Delivery<\/h2>\n<p data-start=\"202\" data-end=\"486\">Make Mom smile with Mother\u2019s Day flowers. Send a beautiful bouquet of <strong data-start=\"272\" data-end=\"292\">fresh pink roses<\/strong> with Sunday delivery available. Mother\u2019s Day is always the second Sunday in May, and in 2026 it falls on Sunday, May 10. When May blooms, you know it\u2019s time to find the perfect flowers for Mom.<\/p>\n<p data-start=\"488\" data-end=\"666\">Nuestras rosas son cuidadosamente seleccionadas para ofrecer un color suave, elegante y lleno de significado. Un detalle cl\u00e1sico que nunca falla para sorprender a mam\u00e1 en su d\u00eda.<\/p>\n<h2 data-section-id=\"1aa14qk\" data-start=\"673\" data-end=\"714\">Pink Roses for Mom \u2013 Same Day Delivery<\/h2>\n<p data-start=\"716\" data-end=\"926\">Mother\u2019s Day flower delivery makes it easy to send a stunning bouquet straight to her door. Order pink roses for delivery by Sunday, May 10, 2026, with same-day options available for eligible last-minute gifts.<\/p>\n<p data-start=\"928\" data-end=\"1089\">Whether it\u2019s for your mom, stepmom, or a special mother figure, this bouquet of <strong data-start=\"1008\" data-end=\"1033\">25 premium pink roses<\/strong> is designed to express love, gratitude, and admiration.<\/p>\n<p data-start=\"1091\" data-end=\"1195\">Un regalo elegante, fresco y lleno de emoci\u00f3n que llega directo a su puerta, listo para hacerla sonre\u00edr.<\/p>","protected":false},"excerpt":{"rendered":"<p>Rosas rosadas por el dia de las madres<\/p>\n<p><strong data-start=\"2023\" data-end=\"2039\">include:<\/strong><\/p>\n<ul>\n<li>25 pink Naturals roses Bouquet<\/li>\n<li>Stationary Elegant<\/li>\n<li>Ribbons for Mothers. day<\/li>\n<\/ul>\n<p><!--more--><\/p>\n<p>We offer Same Day Delivery Near Miami florida, cora gables, Hialeah, Doral Florida.<\/p>","protected":false},"featured_media":8123,"comment_status":"open","ping_status":"closed","template":"","meta":[],"product_brand":[21],"product_cat":[122,54],"product_tag":[183,175],"class_list":{"0":"post-8161","1":"product","2":"type-product","3":"status-publish","4":"has-post-thumbnail","6":"product_brand-frutidetails","7":"product_cat-flowers-arrangements","8":"product_cat-roses-bouquet","9":"product_tag-dia-de-las-madres","10":"product_tag-mothers-day","12":"first","13":"instock","14":"taxable","15":"shipping-taxable","16":"purchasable","17":"product-type-simple"},"exclude_global_add_ons":false,"addons":[{"name":"helium balloons","type":"checkbox","position":0,"required":false,"title_format":"hide","default":"","description_enable":false,"description":"","placeholder_enable":false,"placeholder":"","display":"select","restrictions_type":"any_text","adjust_price":false,"price":"","price_type":"flat_fee","restrictions":false,"min":"0","max":"0","options":[{"label":"Girls Helium Balloons HBD 18\"","price":"6","price_type":"flat_fee","image":0,"visibility":true},{"label":"Men Helium Balloons HBD 18\"","price":"6","price_type":"flat_fee","image":0,"visibility":true},{"label":"3 Pink Heart Balloons 18\"","price":"15","price_type":"flat_fee","image":0,"visibility":true},{"label":"3 Red Heart Balloons 18\"","price":"15","price_type":"flat_fee","image":0,"visibility":true},{"label":"3 Blue Heart Balloons 18\"","price":"15","price_type":"flat_fee","image":0,"visibility":true},{"label":"Love Red Helium Balloons 15\"","price":"6","price_type":"flat_fee","image":0,"visibility":true}],"id":1771369839}],"jetpack_sharing_enabled":true,"jetpack_likes_enabled":true,"_links":{"self":[{"href":"https:\/\/frutidetails.com\/es\/wp-json\/wp\/v2\/product\/8161","targetHints":{"allow":["GET"]}}],"collection":[{"href":"https:\/\/frutidetails.com\/es\/wp-json\/wp\/v2\/product"}],"about":[{"href":"https:\/\/frutidetails.com\/es\/wp-json\/wp\/v2\/types\/product"}],"replies":[{"embeddable":true,"href":"https:\/\/frutidetails.com\/es\/wp-json\/wp\/v2\/comments?post=8161"}],"version-history":[{"count":2,"href":"https:\/\/frutidetails.com\/es\/wp-json\/wp\/v2\/product\/8161\/revisions"}],"predecessor-version":[{"id":8163,"href":"https:\/\/frutidetails.com\/es\/wp-json\/wp\/v2\/product\/8161\/revisions\/8163"}],"wp:featuredmedia":[{"embeddable":true,"href":"https:\/\/frutidetails.com\/es\/wp-json\/wp\/v2\/media\/8123"}],"wp:attachment":[{"href":"https:\/\/frutidetails.com\/es\/wp-json\/wp\/v2\/media?parent=8161"}],"wp:term":[{"taxonomy":"product_brand","embeddable":true,"href":"https:\/\/frutidetails.com\/es\/wp-json\/wp\/v2\/product_brand?post=8161"},{"taxonomy":"product_cat","embeddable":true,"href":"https:\/\/frutidetails.com\/es\/wp-json\/wp\/v2\/product_cat?post=8161"},{"taxonomy":"product_tag","embeddable":true,"href":"https:\/\/frutidetails.com\/es\/wp-json\/wp\/v2\/product_tag?post=8161"}],"curies":[{"name":"wp","href":"https:\/\/api.w.org\/{rel}","templated":true}]}}